{"id":20,"date":"2015-08-26T16:15:04","date_gmt":"2015-08-26T15:15:04","guid":{"rendered":"http:\/\/mieux-vivre-draguignan.fr\/?page_id=20"},"modified":"2017-05-24T16:08:01","modified_gmt":"2017-05-24T15:08:01","slug":"fenetres","status":"publish","type":"page","link":"http:\/\/mieux-vivre-draguignan.fr\/en\/produits\/fenetres\/","title":{"rendered":"Windows \/ Patio-doors"},"content":{"rendered":"<p><\/p>\n<article>\n<h1><span style=\"text-decoration: underline;\">Windows \/ Patio-doors<\/span><\/h1>\n<h2><span style=\"text-decoration: underline;\"><em>Our partners:<\/em><\/span><\/h2>\n<p><a href=\"http:\/\/www.renovart-ouvertures.fr\/287\/Fenetres-PVC-\/926\/Fenetres-PVC-pour-la-renovation\/119\/L-Excellence-par-Reteacute;nov-Art\" rel=\"attachment wp-att-158\"><img loading=\"lazy\" class=\"alignright wp-image-158\" src=\"http:\/\/mieux-vivre-draguignan.fr\/wp-content\/uploads\/2016\/02\/Logo-RENOVART-2016-RVB-300x121.jpg\" alt=\"Fen\u00eatres \/ Portes fen\u00eatres - Mieux Vivre Stores et Fermetures\" width=\"216\" height=\"87\" srcset=\"http:\/\/mieux-vivre-draguignan.fr\/wp-content\/uploads\/2016\/02\/Logo-RENOVART-2016-RVB-300x121.jpg 300w, http:\/\/mieux-vivre-draguignan.fr\/wp-content\/uploads\/2016\/02\/Logo-RENOVART-2016-RVB-768x309.jpg 768w, http:\/\/mieux-vivre-draguignan.fr\/wp-content\/uploads\/2016\/02\/Logo-RENOVART-2016-RVB-1024x412.jpg 1024w, http:\/\/mieux-vivre-draguignan.fr\/wp-content\/uploads\/2016\/02\/Logo-RENOVART-2016-RVB.jpg 1426w\" sizes=\"(max-width: 216px) 100vw, 216px\" \/><\/a><\/p>\n<h2>PVC windows:<\/h2>\n<h4><strong><span style=\"text-decoration: underline;\"><a href=\"http:\/\/www.renovart-ouvertures.fr\/287\/Fenetres-PVC-\/926\/Fenetres-PVC-pour-la-renovation\/119\/L-Excellence-par-Reteacute;nov-Art\">Renov\u2019art EXCELLENCE<\/a><\/span><\/strong><\/h4>\n<p>The range &#8220;Excellence&#8221; of RENOV&#8217;ART offers a <strong>contemporary design\u00a0<\/strong>with its rounded profile and a low energy window which\u00a0helps to preserve the environment. Get creative and create your own window thanks to the many possible combinations!<br \/>\nExceptional <strong>thermal performance<\/strong> to these windows with a thermal coefficient Uw = 0.9 * TH17 who qualifies for the tax credit.<\/p>\n<p>The<strong> thermal and acoustic insulation<\/strong> is enhanced with triple glazing with Argon 44 mm Fe spacer Warm-Edge and a profile opening 78 mm with 5 chambres.Une maximum insulation for warmth, less noise and real savings for heating!<\/p>\n<p>The Excellence window is also available in 28mm reinforced double glazing thermal (Uw = 1.3 * TH12): the perfect combination of a moderate budget and an efficient window!<\/p>\n<p><span style=\"text-decoration: underline;\"><em><strong><a href=\"http:\/\/www.renovart-ouvertures.fr\" target=\"_blank\">Learn more!<\/a><\/strong><\/em><\/span><\/p>\n<hr \/>\n<h3>Renov\u2019art EXCELLENCE range:<\/h3>\n\n\t\t<style type=\"text\/css\">\n\t\t\t#gallery-4 {\n\t\t\t\tmargin: auto;\n\t\t\t}\n\t\t\t#gallery-4 .gallery-item {\n\t\t\t\tfloat: left;\n\t\t\t\tmargin-top: 10px;\n\t\t\t\ttext-align: center;\n\t\t\t\twidth: 33%;\n\t\t\t}\n\t\t\t#gallery-4 img {\n\t\t\t\tborder: 2px solid #cfcfcf;\n\t\t\t}\n\t\t\t#gallery-4 .gallery-caption {\n\t\t\t\tmargin-left: 0;\n\t\t\t}\n\t\t\t\/* see gallery_shortcode() in wp-includes\/media.php *\/\n\t\t<\/style>\n\t\t<div id='gallery-4' class='gallery galleryid-20 gallery-columns-3 gallery-size-medium'><dl class='gallery-item'>\n\t\t\t<dt class='gallery-icon landscape'>\n\t\t\t\t<a href='http:\/\/mieux-vivre-draguignan.fr\/wp-content\/uploads\/2015\/08\/image3537.jpg'><img width=\"300\" height=\"212\" src=\"http:\/\/mieux-vivre-draguignan.fr\/wp-content\/uploads\/2015\/08\/image3537-300x212.jpg\" class=\"attachment-medium size-medium\" alt=\"Fen\u00eatres \/ Portes fen\u00eatres - Mieux Vivre Stores et Fermetures\" loading=\"lazy\" srcset=\"http:\/\/mieux-vivre-draguignan.fr\/wp-content\/uploads\/2015\/08\/image3537-300x212.jpg 300w, http:\/\/mieux-vivre-draguignan.fr\/wp-content\/uploads\/2015\/08\/image3537-768x542.jpg 768w, http:\/\/mieux-vivre-draguignan.fr\/wp-content\/uploads\/2015\/08\/image3537.jpg 800w\" sizes=\"(max-width: 300px) 100vw, 300px\" \/><\/a>\n\t\t\t<\/dt><\/dl><dl class='gallery-item'>\n\t\t\t<dt class='gallery-icon landscape'>\n\t\t\t\t<a href='http:\/\/mieux-vivre-draguignan.fr\/wp-content\/uploads\/2015\/08\/image3535-1.jpg'><img width=\"300\" height=\"212\" src=\"http:\/\/mieux-vivre-draguignan.fr\/wp-content\/uploads\/2015\/08\/image3535-1-300x212.jpg\" class=\"attachment-medium size-medium\" alt=\"Fen\u00eatres \/ Portes fen\u00eatres - Mieux Vivre Stores et Fermetures\" loading=\"lazy\" srcset=\"http:\/\/mieux-vivre-draguignan.fr\/wp-content\/uploads\/2015\/08\/image3535-1-300x212.jpg 300w, http:\/\/mieux-vivre-draguignan.fr\/wp-content\/uploads\/2015\/08\/image3535-1-768x542.jpg 768w, http:\/\/mieux-vivre-draguignan.fr\/wp-content\/uploads\/2015\/08\/image3535-1.jpg 800w\" sizes=\"(max-width: 300px) 100vw, 300px\" \/><\/a>\n\t\t\t<\/dt><\/dl><dl class='gallery-item'>\n\t\t\t<dt class='gallery-icon landscape'>\n\t\t\t\t<a href='http:\/\/mieux-vivre-draguignan.fr\/wp-content\/uploads\/2015\/08\/image3531.jpg'><img width=\"300\" height=\"200\" src=\"http:\/\/mieux-vivre-draguignan.fr\/wp-content\/uploads\/2015\/08\/image3531-300x200.jpg\" class=\"attachment-medium size-medium\" alt=\"Fen\u00eatres \/ Portes fen\u00eatres - Mieux Vivre Stores et Fermetures\" loading=\"lazy\" srcset=\"http:\/\/mieux-vivre-draguignan.fr\/wp-content\/uploads\/2015\/08\/image3531-300x200.jpg 300w, http:\/\/mieux-vivre-draguignan.fr\/wp-content\/uploads\/2015\/08\/image3531-768x511.jpg 768w, http:\/\/mieux-vivre-draguignan.fr\/wp-content\/uploads\/2015\/08\/image3531.jpg 800w\" sizes=\"(max-width: 300px) 100vw, 300px\" \/><\/a>\n\t\t\t<\/dt><\/dl><br style=\"clear: both\" \/>\n\t\t<\/div>\n\n<hr \/>\n<h2>Composit joinery<\/h2>\n<h4><strong><span style=\"text-decoration: underline;\"><a href=\"http:\/\/www.guide-fenetres-volets.fr\/menuiserie-composite-genesia-renovart\/\">Renov\u2019art GENESIA<\/a><\/span><\/strong><\/h4>\n<p>(New Product + light glazing Maximum)<\/p>\n<p>Genesia the woodwork, designed by the manufacturer C2R, play the card of technological innovation &#8230; with a material used in aerospace!<\/p>\n<p><a href=\"http:\/\/mieux-vivre-draguignan.fr\/wp-content\/uploads\/2015\/08\/Genesia-Renovart-Composite.jpg\" rel=\"attachment wp-att-187\"><img loading=\"lazy\" class=\"alignnone wp-image-187 size-full\" src=\"http:\/\/mieux-vivre-draguignan.fr\/wp-content\/uploads\/2015\/08\/Genesia-Renovart-Composite.jpg\" alt=\"Fen\u00eatres \/ Portes fen\u00eatres - Mieux Vivre Stores et Fermetures\" width=\"970\" height=\"524\" srcset=\"http:\/\/mieux-vivre-draguignan.fr\/wp-content\/uploads\/2015\/08\/Genesia-Renovart-Composite.jpg 970w, http:\/\/mieux-vivre-draguignan.fr\/wp-content\/uploads\/2015\/08\/Genesia-Renovart-Composite-300x162.jpg 300w, http:\/\/mieux-vivre-draguignan.fr\/wp-content\/uploads\/2015\/08\/Genesia-Renovart-Composite-768x415.jpg 768w\" sizes=\"(max-width: 970px) 100vw, 970px\" \/><\/a><\/p>\n<p>The Genesia carpentry by\u00a0Renov&#8217;art is designed from composite material Raufipro, combining PVC and fiberglass &#8230; and gets the best of both elements. The material, made in France, is 100% renewable.<\/p>\n<p>Its physical properties are significant. It is twice as harsh\u00a0as a traditional material. It also deforms significantly less to sunlight than other materials. This allows a better mechanical strength of the window, and a much better stability over time as PVC for example.<\/p>\n<p><strong>Advantages of the Genesia composite joinery<\/strong><\/p>\n<ul>\n<li><strong>A gain of light<\/strong><\/li>\n<li><strong>Excellent insulation<\/strong><\/li>\n<li><strong>Available in many\u00a0colors<\/strong><\/li>\n<\/ul>\n<p><strong><span style=\"text-decoration: underline;\"><em>Learn more<a href=\"http:\/\/www.guide-fenetres-volets.fr\/menuiserie-composite-genesia-renovart\/\" target=\"_blank\">!<\/a><\/em><\/span><\/strong><\/p>\n<hr \/>\n<h2>ALUMINIUM JOINERY<\/h2>\n<h4><strong><a href=\"http:\/\/www.renovart-ouvertures.fr\/288\/Fenetres-Alu\/949\/fenetres-et-portes-fenetre-profile-Aluminium\/122\/Fenetecirc;tres-et-porte-fenetecirc;tres-Aluminium\" target=\"_blank\">Aluminium windows and patio-doors\u00a0by Renov&#8217;art<\/a><\/strong><\/h4>\n<p>(Hidden opening strikes, visible opening, Slidings, brick partition &#8230;)<\/p>\n<p>With their hidden opening\u00a0profiles, aluminum \u00a0windows and doors Renov&#8217;art combine clarity and elegance always to let more light into the house, opening hidden providing 20% more light than a traditional aluminum window!<\/p>\n<p>The thermal glazing reinforced by 24 mm allows our\u00a0aluminum windows to achieve a thermal coefficient Uw = 1.7 * making them eligible for the tax credit.<\/p>\n<p>Products advantages:<\/p>\n<ul>\n<li>free maintenance<\/li>\n<li>Available in many colors<\/li>\n<li>Specific glazing (safety, noise ..)<\/li>\n<li>Decorative Accessories<\/li>\n<\/ul>\n<p><span style=\"text-decoration: underline;\"><em>Learn more<a href=\"http:\/\/www.renovart-ouvertures.fr\/288\/Fenetres-Alu\/949\/fenetres-et-portes-fenetre-profile-Aluminium\/122\/Fenetecirc;tres-et-porte-fenetecirc;tres-Aluminium\" target=\"_blank\">!<\/a><\/em><\/span><\/p>\n<hr \/>\n<h4>Aluminium Renov&#8217;art range:<\/h4>\n\n\t\t<style type=\"text\/css\">\n\t\t\t#gallery-5 {\n\t\t\t\tmargin: auto;\n\t\t\t}\n\t\t\t#gallery-5 .gallery-item {\n\t\t\t\tfloat: left;\n\t\t\t\tmargin-top: 10px;\n\t\t\t\ttext-align: center;\n\t\t\t\twidth: 25%;\n\t\t\t}\n\t\t\t#gallery-5 img {\n\t\t\t\tborder: 2px solid #cfcfcf;\n\t\t\t}\n\t\t\t#gallery-5 .gallery-caption {\n\t\t\t\tmargin-left: 0;\n\t\t\t}\n\t\t\t\/* see gallery_shortcode() in wp-includes\/media.php *\/\n\t\t<\/style>\n\t\t<div id='gallery-5' class='gallery galleryid-20 gallery-columns-4 gallery-size-thumbnail'><dl class='gallery-item'>\n\t\t\t<dt class='gallery-icon landscape'>\n\t\t\t\t<a href='http:\/\/mieux-vivre-draguignan.fr\/wp-content\/uploads\/2015\/08\/image3553.jpg'><img width=\"150\" height=\"150\" src=\"http:\/\/mieux-vivre-draguignan.fr\/wp-content\/uploads\/2015\/08\/image3553-150x150.jpg\" class=\"attachment-thumbnail size-thumbnail\" alt=\"Fen\u00eatres \/ Portes fen\u00eatres - Mieux Vivre Stores et Fermetures\" loading=\"lazy\" \/><\/a>\n\t\t\t<\/dt><\/dl><dl class='gallery-item'>\n\t\t\t<dt class='gallery-icon landscape'>\n\t\t\t\t<a href='http:\/\/mieux-vivre-draguignan.fr\/wp-content\/uploads\/2015\/08\/image3547.jpg'><img width=\"150\" height=\"150\" src=\"http:\/\/mieux-vivre-draguignan.fr\/wp-content\/uploads\/2015\/08\/image3547-150x150.jpg\" class=\"attachment-thumbnail size-thumbnail\" alt=\"Fen\u00eatres \/ Portes fen\u00eatres - Mieux Vivre Stores et Fermetures\" loading=\"lazy\" \/><\/a>\n\t\t\t<\/dt><\/dl><dl class='gallery-item'>\n\t\t\t<dt class='gallery-icon landscape'>\n\t\t\t\t<a href='http:\/\/mieux-vivre-draguignan.fr\/wp-content\/uploads\/2015\/08\/image3545.jpg'><img width=\"150\" height=\"150\" src=\"http:\/\/mieux-vivre-draguignan.fr\/wp-content\/uploads\/2015\/08\/image3545-150x150.jpg\" class=\"attachment-thumbnail size-thumbnail\" alt=\"Fen\u00eatres \/ Portes fen\u00eatres - Mieux Vivre Stores et Fermetures\" loading=\"lazy\" \/><\/a>\n\t\t\t<\/dt><\/dl><dl class='gallery-item'>\n\t\t\t<dt class='gallery-icon portrait'>\n\t\t\t\t<a href='http:\/\/mieux-vivre-draguignan.fr\/wp-content\/uploads\/2015\/08\/image3168.jpg'><img width=\"150\" height=\"150\" src=\"http:\/\/mieux-vivre-draguignan.fr\/wp-content\/uploads\/2015\/08\/image3168-150x150.jpg\" class=\"attachment-thumbnail size-thumbnail\" alt=\"Fen\u00eatres \/ Portes fen\u00eatres - Mieux Vivre Stores et Fermetures\" loading=\"lazy\" \/><\/a>\n\t\t\t<\/dt><\/dl><br style=\"clear: both\" \/>\n\t\t<\/div>\n\n<hr \/>\n<h2><a href=\"http:\/\/mieux-vivre-draguignan.fr\/wp-content\/uploads\/2016\/02\/logo-atulam.jpg\" rel=\"attachment wp-att-156\"><img loading=\"lazy\" class=\"wp-image-156 alignright\" src=\"http:\/\/mieux-vivre-draguignan.fr\/wp-content\/uploads\/2016\/02\/logo-atulam-150x150.jpg\" alt=\"Fen\u00eatres \/ Portes fen\u00eatres - Mieux Vivre Stores et Fermetures\" width=\"92\" height=\"93\" \/><\/a><\/h2>\n<h2><strong>Wood joinery<\/strong><\/h2>\n<h4><strong><br \/>\nATULAM &#8220;Estibel&#8221; , &#8220;Estilou&#8221;, and &#8220;Tradilou&#8221; ranges:<\/strong><\/h4>\n<\/article>\n\n\t\t<style type=\"text\/css\">\n\t\t\t#gallery-6 {\n\t\t\t\tmargin: auto;\n\t\t\t}\n\t\t\t#gallery-6 .gallery-item {\n\t\t\t\tfloat: left;\n\t\t\t\tmargin-top: 10px;\n\t\t\t\ttext-align: center;\n\t\t\t\twidth: 20%;\n\t\t\t}\n\t\t\t#gallery-6 img {\n\t\t\t\tborder: 2px solid #cfcfcf;\n\t\t\t}\n\t\t\t#gallery-6 .gallery-caption {\n\t\t\t\tmargin-left: 0;\n\t\t\t}\n\t\t\t\/* see gallery_shortcode() in wp-includes\/media.php *\/\n\t\t<\/style>\n\t\t<div id='gallery-6' class='gallery galleryid-20 gallery-columns-5 gallery-size-thumbnail'><dl class='gallery-item'>\n\t\t\t<dt class='gallery-icon portrait'>\n\t\t\t\t<a href='http:\/\/mieux-vivre-draguignan.fr\/wp-content\/uploads\/2015\/08\/estibelle.jpg'><img width=\"150\" height=\"150\" src=\"http:\/\/mieux-vivre-draguignan.fr\/wp-content\/uploads\/2015\/08\/estibelle-150x150.jpg\" class=\"attachment-thumbnail size-thumbnail\" alt=\"Fen\u00eatres \/ Portes fen\u00eatres - Mieux Vivre Stores et Fermetures\" loading=\"lazy\" \/><\/a>\n\t\t\t<\/dt><\/dl><dl class='gallery-item'>\n\t\t\t<dt class='gallery-icon portrait'>\n\t\t\t\t<a href='http:\/\/mieux-vivre-draguignan.fr\/wp-content\/uploads\/2015\/08\/estibelle68.jpg'><img width=\"150\" height=\"150\" src=\"http:\/\/mieux-vivre-draguignan.fr\/wp-content\/uploads\/2015\/08\/estibelle68-150x150.jpg\" class=\"attachment-thumbnail size-thumbnail\" alt=\"Fen\u00eatres \/ Portes fen\u00eatres - Mieux Vivre Stores et Fermetures\" loading=\"lazy\" \/><\/a>\n\t\t\t<\/dt><\/dl><dl class='gallery-item'>\n\t\t\t<dt class='gallery-icon portrait'>\n\t\t\t\t<a href='http:\/\/mieux-vivre-draguignan.fr\/wp-content\/uploads\/2015\/08\/estilou_z.jpg'><img width=\"150\" height=\"150\" src=\"http:\/\/mieux-vivre-draguignan.fr\/wp-content\/uploads\/2015\/08\/estilou_z-150x150.jpg\" class=\"attachment-thumbnail size-thumbnail\" alt=\"Fen\u00eatres \/ Portes fen\u00eatres - Mieux Vivre Stores et Fermetures\" loading=\"lazy\" \/><\/a>\n\t\t\t<\/dt><\/dl><dl class='gallery-item'>\n\t\t\t<dt class='gallery-icon portrait'>\n\t\t\t\t<a href='http:\/\/mieux-vivre-draguignan.fr\/wp-content\/uploads\/2015\/08\/tradilou_z.jpg'><img width=\"150\" height=\"150\" src=\"http:\/\/mieux-vivre-draguignan.fr\/wp-content\/uploads\/2015\/08\/tradilou_z-150x150.jpg\" class=\"attachment-thumbnail size-thumbnail\" alt=\"Fen\u00eatres \/ Portes fen\u00eatres - Mieux Vivre Stores et Fermetures\" loading=\"lazy\" \/><\/a>\n\t\t\t<\/dt><\/dl><dl class='gallery-item'>\n\t\t\t<dt class='gallery-icon portrait'>\n\t\t\t\t<a href='http:\/\/mieux-vivre-draguignan.fr\/wp-content\/uploads\/2015\/08\/tradilou68_z.jpg'><img width=\"150\" height=\"150\" src=\"http:\/\/mieux-vivre-draguignan.fr\/wp-content\/uploads\/2015\/08\/tradilou68_z-150x150.jpg\" class=\"attachment-thumbnail size-thumbnail\" alt=\"Fen\u00eatres \/ Portes fen\u00eatres - Mieux Vivre Stores et Fermetures\" loading=\"lazy\" \/><\/a>\n\t\t\t<\/dt><\/dl><br style=\"clear: both\" \/>\n\t\t<\/div>\n\n<article><\/article>\n<article><em><span style=\"text-decoration: underline;\">Learn more<a href=\"http:\/\/www.atulam.fr\" target=\"_blank\">!<\/a><\/span><\/em><\/article>\n<article><\/article>\n<article><\/article>\n<article><\/article>\n<article><strong>\u00a0<\/strong><\/article>\n<article>\n<header class=\"ico\">\n<hr \/>\n<h1>Mieux Vivre Stores et Fermetures services:<\/h1>\n<ul class='gdl-accordion'>\n<li class=\"active\">\n<h2 class='accordion-title'>Engagements<\/h2>\n<div class='accordion-content'>\n<p>Delays<br \/>\nCompliance with the installation rules<br \/>\nCustomer Service<br \/>\nShowroom<br \/>\nSupply<br \/>\nPose by a professional team\n<\/p><\/div>\n<\/li>\n<li >\n<h2 class='accordion-title'> Spoken languages <\/h2>\n<div class='accordion-content'>\n<p>French<br \/>\nEnglish\n<\/p><\/div>\n<\/li>\n<li >\n<h2 class='accordion-title'>Payment methodes<\/h2>\n<div class='accordion-content'>\n<p>Cheques<br \/>\nBlue card<br \/>\nVisa card<br \/>\nEurocard \/ MasterCard<br \/>\nMaestro card<br \/>\ncash<br \/>\nbank transfers<\/p>\n<\/div>\n<\/li>\n<li >\n<h2 class='accordion-title'>Payment conditions<\/h2>\n<div class='accordion-content'>\n<p>Consult us!\n<\/p><\/div>\n<\/li>\n<\/ul>\n<\/header>\n<hr \/>\n<\/article>\n<h1>Some\u00a0realisations<\/h1>\n<h1><\/h1>\n<p><\/p>","protected":false},"excerpt":{"rendered":"<p>Windows \/ Patio-doors Our partners: PVC windows: Renov\u2019art EXCELLENCE The range &#8220;Excellence&#8221; of RENOV&#8217;ART offers a contemporary design\u00a0with its rounded profile and a low energy window which\u00a0helps to preserve the environment. Get creative and create your own window thanks to the many possible combinations! Exceptional thermal performance to these windows with a thermal coefficient Uw = 0.9 * TH17 who qualifies for the tax credit. The thermal and acoustic insulation is enhanced with triple glazing with Argon 44 mm Fe spacer Warm-Edge and a profile opening 78 mm with 5 chambres.Une maximum insulation for warmth, less noise and real savings for heating! The Excellence window is also available in 28mm reinforced double glazing thermal (Uw = 1.3 * TH12): the perfect combination of a moderate budget and an efficient window! Learn more! Renov\u2019art EXCELLENCE range: Composit joinery Renov\u2019art GENESIA (New Product + light glazing Maximum) Genesia the woodwork, designed by the manufacturer C2R, play the card of technological innovation &#8230; with a material used in aerospace! The Genesia carpentry by\u00a0Renov&#8217;art is designed from composite material Raufipro, combining PVC and fiberglass &#8230; and gets the best of both elements. The material, made in France, is 100% renewable. Its physical properties are significant. It is twice as harsh\u00a0as a traditional material. It also deforms significantly less to sunlight than other materials. This allows a better mechanical strength of the window, and a much better stability over time as PVC for example. Advantages of the Genesia composite joinery A gain of light Excellent insulation Available in many\u00a0colors Learn more! ALUMINIUM JOINERY Aluminium windows and patio-doors\u00a0by Renov&#8217;art (Hidden opening strikes, visible opening, Slidings, brick partition &#8230;) With their hidden opening\u00a0profiles, aluminum \u00a0windows and doors Renov&#8217;art combine clarity and elegance always to let more light into the house, opening hidden providing 20% more light than a traditional aluminum window! The thermal glazing reinforced by 24 mm allows our\u00a0aluminum windows to achieve a thermal coefficient Uw = 1.7 * making them eligible for the tax credit. Products advantages: free maintenance Available in many colors Specific glazing (safety, noise ..) Decorative Accessories Learn more! Aluminium Renov&#8217;art range: Wood joinery ATULAM &#8220;Estibel&#8221; , &#8220;Estilou&#8221;, and &#8220;Tradilou&#8221; ranges: Learn more! \u00a0 Mieux Vivre Stores et Fermetures services: Some\u00a0realisations<\/p>\n","protected":false},"author":1,"featured_media":0,"parent":47,"menu_order":0,"comment_status":"closed","ping_status":"closed","template":"","meta":[],"yoast_head":"<!-- This site is optimized with the Yoast SEO plugin v19.4 - https:\/\/yoast.com\/wordpress\/plugins\/seo\/ -->\n<title>Windows \/ Patio-doors - Mieux Vivre Draguignan<\/title>\n<meta name=\"description\" content=\"Fen\u00eatres et Portes fen\u00eatres Mieux Vivre Stores et Fermetures! Profitez de la qualit\u00e9 au meilleur prix. Faites votre demande de devis gratuitement!\" \/>\n<meta name=\"robots\" content=\"index, follow, max-snippet:-1, max-image-preview:large, max-video-preview:-1\" \/>\n<link rel=\"canonical\" href=\"http:\/\/mieux-vivre-draguignan.fr\/produits\/fenetres\/\" \/>\n<meta property=\"og:locale\" content=\"en_US\" \/>\n<meta property=\"og:type\" content=\"article\" \/>\n<meta property=\"og:title\" content=\"Windows \/ Patio-doors - Mieux Vivre Draguignan\" \/>\n<meta property=\"og:description\" content=\"Fen\u00eatres et Portes fen\u00eatres Mieux Vivre Stores et Fermetures! Profitez de la qualit\u00e9 au meilleur prix. Faites votre demande de devis gratuitement!\" \/>\n<meta property=\"og:url\" content=\"http:\/\/mieux-vivre-draguignan.fr\/produits\/fenetres\/\" \/>\n<meta property=\"og:site_name\" content=\"Mieux Vivre Draguignan\" \/>\n<meta property=\"article:modified_time\" content=\"2017-05-24T15:08:01+00:00\" \/>\n<meta property=\"og:image\" content=\"http:\/\/mieux-vivre-draguignan.fr\/wp-content\/uploads\/2015\/08\/estibelle-150x150.jpg\" \/>\n<meta name=\"twitter:card\" content=\"summary\" \/>\n<meta name=\"twitter:label1\" content=\"Est. reading time\" \/>\n\t<meta name=\"twitter:data1\" content=\"6 minutes\" \/>\n<script type=\"application\/ld+json\" class=\"yoast-schema-graph\">{\"@context\":\"https:\/\/schema.org\",\"@graph\":[{\"@type\":\"WebSite\",\"@id\":\"http:\/\/mieux-vivre-draguignan.fr\/#website\",\"url\":\"http:\/\/mieux-vivre-draguignan.fr\/\",\"name\":\"Mieux Vivre Draguignan\",\"description\":\"Stores et fermetures\",\"potentialAction\":[{\"@type\":\"SearchAction\",\"target\":{\"@type\":\"EntryPoint\",\"urlTemplate\":\"http:\/\/mieux-vivre-draguignan.fr\/?s={search_term_string}\"},\"query-input\":\"required name=search_term_string\"}],\"inLanguage\":\"en-US\"},{\"@type\":\"WebPage\",\"@id\":\"http:\/\/mieux-vivre-draguignan.fr\/produits\/fenetres\/\",\"url\":\"http:\/\/mieux-vivre-draguignan.fr\/produits\/fenetres\/\",\"name\":\"Windows \/ Patio-doors - Mieux Vivre Draguignan\",\"isPartOf\":{\"@id\":\"http:\/\/mieux-vivre-draguignan.fr\/#website\"},\"datePublished\":\"2015-08-26T15:15:04+00:00\",\"dateModified\":\"2017-05-24T15:08:01+00:00\",\"description\":\"Fen\u00eatres et Portes fen\u00eatres Mieux Vivre Stores et Fermetures! Profitez de la qualit\u00e9 au meilleur prix. Faites votre demande de devis gratuitement!\",\"breadcrumb\":{\"@id\":\"http:\/\/mieux-vivre-draguignan.fr\/produits\/fenetres\/#breadcrumb\"},\"inLanguage\":\"en-US\",\"potentialAction\":[{\"@type\":\"ReadAction\",\"target\":[\"http:\/\/mieux-vivre-draguignan.fr\/produits\/fenetres\/\"]}]},{\"@type\":\"BreadcrumbList\",\"@id\":\"http:\/\/mieux-vivre-draguignan.fr\/produits\/fenetres\/#breadcrumb\",\"itemListElement\":[{\"@type\":\"ListItem\",\"position\":1,\"name\":\"Accueil\",\"item\":\"http:\/\/mieux-vivre-draguignan.fr\/\"},{\"@type\":\"ListItem\",\"position\":2,\"name\":\"Produits\",\"item\":\"http:\/\/mieux-vivre-draguignan.fr\/produits\/\"},{\"@type\":\"ListItem\",\"position\":3,\"name\":\"Fen\u00eatres \/ Portes fen\u00eatres\"}]}]}<\/script>\n<!-- \/ Yoast SEO plugin. -->","yoast_head_json":{"title":"Windows \/ Patio-doors - Mieux Vivre Draguignan","description":"Fen\u00eatres et Portes fen\u00eatres Mieux Vivre Stores et Fermetures! Profitez de la qualit\u00e9 au meilleur prix. Faites votre demande de devis gratuitement!","robots":{"index":"index","follow":"follow","max-snippet":"max-snippet:-1","max-image-preview":"max-image-preview:large","max-video-preview":"max-video-preview:-1"},"canonical":"http:\/\/mieux-vivre-draguignan.fr\/produits\/fenetres\/","og_locale":"en_US","og_type":"article","og_title":"Windows \/ Patio-doors - Mieux Vivre Draguignan","og_description":"Fen\u00eatres et Portes fen\u00eatres Mieux Vivre Stores et Fermetures! Profitez de la qualit\u00e9 au meilleur prix. Faites votre demande de devis gratuitement!","og_url":"http:\/\/mieux-vivre-draguignan.fr\/produits\/fenetres\/","og_site_name":"Mieux Vivre Draguignan","article_modified_time":"2017-05-24T15:08:01+00:00","og_image":[{"url":"http:\/\/mieux-vivre-draguignan.fr\/wp-content\/uploads\/2015\/08\/estibelle-150x150.jpg"}],"twitter_card":"summary","twitter_misc":{"Est. reading time":"6 minutes"},"schema":{"@context":"https:\/\/schema.org","@graph":[{"@type":"WebSite","@id":"http:\/\/mieux-vivre-draguignan.fr\/#website","url":"http:\/\/mieux-vivre-draguignan.fr\/","name":"Mieux Vivre Draguignan","description":"Stores et fermetures","potentialAction":[{"@type":"SearchAction","target":{"@type":"EntryPoint","urlTemplate":"http:\/\/mieux-vivre-draguignan.fr\/?s={search_term_string}"},"query-input":"required name=search_term_string"}],"inLanguage":"en-US"},{"@type":"WebPage","@id":"http:\/\/mieux-vivre-draguignan.fr\/produits\/fenetres\/","url":"http:\/\/mieux-vivre-draguignan.fr\/produits\/fenetres\/","name":"Windows \/ Patio-doors - Mieux Vivre Draguignan","isPartOf":{"@id":"http:\/\/mieux-vivre-draguignan.fr\/#website"},"datePublished":"2015-08-26T15:15:04+00:00","dateModified":"2017-05-24T15:08:01+00:00","description":"Fen\u00eatres et Portes fen\u00eatres Mieux Vivre Stores et Fermetures! Profitez de la qualit\u00e9 au meilleur prix. Faites votre demande de devis gratuitement!","breadcrumb":{"@id":"http:\/\/mieux-vivre-draguignan.fr\/produits\/fenetres\/#breadcrumb"},"inLanguage":"en-US","potentialAction":[{"@type":"ReadAction","target":["http:\/\/mieux-vivre-draguignan.fr\/produits\/fenetres\/"]}]},{"@type":"BreadcrumbList","@id":"http:\/\/mieux-vivre-draguignan.fr\/produits\/fenetres\/#breadcrumb","itemListElement":[{"@type":"ListItem","position":1,"name":"Accueil","item":"http:\/\/mieux-vivre-draguignan.fr\/"},{"@type":"ListItem","position":2,"name":"Produits","item":"http:\/\/mieux-vivre-draguignan.fr\/produits\/"},{"@type":"ListItem","position":3,"name":"Fen\u00eatres \/ Portes fen\u00eatres"}]}]}},"_links":{"self":[{"href":"http:\/\/mieux-vivre-draguignan.fr\/en\/wp-json\/wp\/v2\/pages\/20"}],"collection":[{"href":"http:\/\/mieux-vivre-draguignan.fr\/en\/wp-json\/wp\/v2\/pages"}],"about":[{"href":"http:\/\/mieux-vivre-draguignan.fr\/en\/wp-json\/wp\/v2\/types\/page"}],"author":[{"embeddable":true,"href":"http:\/\/mieux-vivre-draguignan.fr\/en\/wp-json\/wp\/v2\/users\/1"}],"replies":[{"embeddable":true,"href":"http:\/\/mieux-vivre-draguignan.fr\/en\/wp-json\/wp\/v2\/comments?post=20"}],"version-history":[{"count":41,"href":"http:\/\/mieux-vivre-draguignan.fr\/en\/wp-json\/wp\/v2\/pages\/20\/revisions"}],"predecessor-version":[{"id":379,"href":"http:\/\/mieux-vivre-draguignan.fr\/en\/wp-json\/wp\/v2\/pages\/20\/revisions\/379"}],"up":[{"embeddable":true,"href":"http:\/\/mieux-vivre-draguignan.fr\/en\/wp-json\/wp\/v2\/pages\/47"}],"wp:attachment":[{"href":"http:\/\/mieux-vivre-draguignan.fr\/en\/wp-json\/wp\/v2\/media?parent=20"}],"curies":[{"name":"wp","href":"https:\/\/api.w.org\/{rel}","templated":true}]}}